{"id":140,"date":"2016-03-07T09:42:58","date_gmt":"2016-03-07T08:42:58","guid":{"rendered":"http:\/\/zgradimo.si\/wp\/?page_id=140"},"modified":"2021-11-22T17:26:54","modified_gmt":"2021-11-22T16:26:54","slug":"novogradnja","status":"publish","type":"page","link":"https:\/\/zgradimo.si\/wp\/?page_id=140","title":{"rendered":"NOVOGRADNJA"},"content":{"rendered":"<p><img loading=\"lazy\" class=\"alignnone wp-image-332 size-full\" src=\"http:\/\/zgradimo.si\/wp\/wp-content\/uploads\/2016\/02\/ozadja-glava4c-e1475579651138.jpg\" alt=\"\" width=\"1280\" height=\"101\"><\/p>\n<p>Gradnja novega objekta je velik korak za naro\u010dnika\/investitorja, pa naj gre za stanovanjsko hi\u0161o, poslovni ali drug objekt.<\/p>\n<p>Od ideje \/ \u017eelje za novogradnjo do dejanskega pri\u010detka uporabe novega objekta vodi vrsta korakov. Najpomembnej\u0161i so:<\/p>\n<ul>\n<li>&nbsp;pridobitev zemlji\u0161\u010da (gradbene parcele),<\/li>\n<li>&nbsp;izdelava na\u010drtov (ali &#8220;projektov&#8221;) &#8211; od idejne zasnove, preko na\u010drtov za pridobitev gradbenega dovoljenja, do podrobnih na\u010drtov za izvedbo (PZI),<\/li>\n<li>&nbsp;odmera in pla\u010dilo komunalnega prispevka (in nekaterih drugih),<\/li>\n<li>&nbsp;pridobitev vrste mnenj \/ soglasij za izdelavo na\u010drtov, pridobitev mnenj \/ soglasij na izdelane na\u010drte za pridobitev gradbenega dovoljenja,<\/li>\n<li>&nbsp;pridobitev gradbenega dovoljenja,<\/li>\n<li>&nbsp;pridobitev ponudb za izvedbo, sklenitev pogodb z izvajalcem \/ izvajalci za izvedbo del,<\/li>\n<li>&nbsp;najem strokovnega nadzornika,<\/li>\n<li>&nbsp;uradna zakoli\u010dba objekta,<\/li>\n<li>&nbsp;komunalno opremljanje zemlji\u0161\u010da z izdelavo priklju\u010dkov na javno infrastrukturo,<\/li>\n<li>&nbsp;izvedba same gradnje \/ postavitve objekta,<\/li>\n<li>&nbsp;pridobitev dokumentacije za uporabno dovoljenje: Dokumentacija o zanesljivosti objekta (DZO) in projekti izvedenih del (PID),<\/li>\n<li>&nbsp;vloga dokumentacije in pridobitev uporabnega dovoljenja za objekt.<\/li>\n<\/ul>\n<p>\u010ce imate kak\u0161na vpra\u0161anja glede novogradnje, nas le <a href=\"http:\/\/zgradimo.si\/wp\/?page_id=24\">vpra\u0161ajte<\/a>.<\/p>\n","protected":false},"excerpt":{"rendered":"<p>Gradnja novega objekta je velik korak za naro\u010dnika\/investitorja, pa naj gre za stanovanjsko hi\u0161o, poslovni ali drug objekt. Od ideje \/ \u017eelje za novogradnjo do dejanskega pri\u010detka uporabe novega objekta vodi vrsta korakov. Najpomembnej\u0161i so: &nbsp;pridobitev zemlji\u0161\u010da (gradbene parcele), &nbsp;izdelava na\u010drtov (ali &#8220;projektov&#8221;) &#8211; od idejne zasnove, preko na\u010drtov za pridobitev gradbenega dovoljenja, do podrobnih\u2026 <span class=\"read-more\"><a href=\"https:\/\/zgradimo.si\/wp\/?page_id=140\">Read More &raquo;<\/a><\/span><\/p>\n","protected":false},"author":1,"featured_media":0,"parent":0,"menu_order":0,"comment_status":"closed","ping_status":"closed","template":"","meta":{"ngg_post_thumbnail":0},"_links":{"self":[{"href":"https:\/\/zgradimo.si\/wp\/index.php?rest_route=\/wp\/v2\/pages\/140"}],"collection":[{"href":"https:\/\/zgradimo.si\/wp\/index.php?rest_route=\/wp\/v2\/pages"}],"about":[{"href":"https:\/\/zgradimo.si\/wp\/index.php?rest_route=\/wp\/v2\/types\/page"}],"author":[{"embeddable":true,"href":"https:\/\/zgradimo.si\/wp\/index.php?rest_route=\/wp\/v2\/users\/1"}],"replies":[{"embeddable":true,"href":"https:\/\/zgradimo.si\/wp\/index.php?rest_route=%2Fwp%2Fv2%2Fcomments&post=140"}],"version-history":[{"count":14,"href":"https:\/\/zgradimo.si\/wp\/index.php?rest_route=\/wp\/v2\/pages\/140\/revisions"}],"predecessor-version":[{"id":575,"href":"https:\/\/zgradimo.si\/wp\/index.php?rest_route=\/wp\/v2\/pages\/140\/revisions\/575"}],"wp:attachment":[{"href":"https:\/\/zgradimo.si\/wp\/index.php?rest_route=%2Fwp%2Fv2%2Fmedia&parent=140"}],"curies":[{"name":"wp","href":"https:\/\/api.w.org\/{rel}","templated":true}]}}