{"id":229,"date":"2016-03-23T14:52:56","date_gmt":"2016-03-23T13:52:56","guid":{"rendered":"http:\/\/zgradimo.si\/wp\/?page_id=229"},"modified":"2021-11-22T18:00:36","modified_gmt":"2021-11-22T17:00:36","slug":"o-podjetju","status":"publish","type":"page","link":"https:\/\/zgradimo.si\/wp\/?page_id=229","title":{"rendered":"O podjetju"},"content":{"rendered":"<hr>\n<p style=\"padding-left: 30px;\"><img loading=\"lazy\" class=\"wp-image-231 alignleft\" src=\"http:\/\/zgradimo.si\/wp\/wp-content\/uploads\/2016\/03\/glava1-rob-150x150.jpg\" alt=\"glava1-rob\" width=\"130\" height=\"130\"><\/p>\n<p style=\"padding-left: 30px;\"><strong>zgradimo.si<\/strong>, Radovan Kraj\u0161ek s.p.,<br \/>\nin\u017eenirske storitve in izobra\u017eevanje<\/p>\n<p style=\"padding-left: 30px;\">Pe\u0161\u010dena pot 7, 1000 Ljubljana<br \/>\ntelefon: 041 360 739<br \/>\ne-po\u0161ta: <a href=\"mailto:radovan.krajsek@gmail.com\">radovan.krajsek@gmail.com<\/a><\/p>\n<p style=\"padding-left: 30px;\">mati\u010dna \u0161tevilka: 7037082000<br \/>\ndav\u010dna \u0161tevilka: 10595759<br \/>\nTRR: SI56 0201 1305 2470 898<\/p>\n<hr>\n<h4>ZAPOSLENI IN PROJEKTNI SODELAVCI<\/h4>\n<div class=\"tmm tmm_zaposleni-in-sodelavci\"><div class=\"tmm_2_columns tmm_wrap tmm_plugin_f\"><span class=\"tmm_two_containers_tablet\"><\/span><div class=\"tmm_container\"><div class=\"tmm_member\" style=\"border-top: solid 5px;\"><div class=\"tmm_photo tmm_pic_zaposleni-in-sodelavci_0\" style=\"background: url(http:\/\/zgradimo.si\/wp\/wp-content\/uploads\/2016\/03\/Vane-400.jpg); margin-left: auto; margin-right:auto; background-size:cover !important;\"><\/div><div class=\"tmm_textblock\"><div class=\"tmm_names\"><span class=\"tmm_fname\">Radovan<\/span> <span class=\"tmm_lname\">Kraj\u0161ek<\/span><\/div><div class=\"tmm_job\">In\u017eenir gradbeni\u0161tva<\/div><div class=\"tmm_desc\" style=\"text-align:center\">in\u017eenirske storitve, gradbeni nadzor, \r\ngeolo\u0161ke vsebine<\/div><div class=\"tmm_scblock\"><\/div><\/div><\/div><div class=\"tmm_member\" style=\"border-top: solid 5px;\"><div class=\"tmm_photo tmm_pic_zaposleni-in-sodelavci_1\" style=\"background: url(http:\/\/zgradimo.si\/wp\/wp-content\/uploads\/2016\/03\/Simona-400-1.jpg); margin-left: auto; margin-right:auto; background-size:cover !important;\"><\/div><div class=\"tmm_textblock\"><div class=\"tmm_names\"><span class=\"tmm_fname\">Simona<\/span> <span class=\"tmm_lname\">Strgulc Kraj\u0161ek<\/span><\/div><div class=\"tmm_job\">dr. biolo\u0161kih znanosti, projektna sodelavka<\/div><div class=\"tmm_desc\" style=\"text-align:center\">izobra\u017eevanje: \r\nklekljana \u010dipka, naravoslovne vsebine<\/div><div class=\"tmm_scblock\"><\/div><\/div><\/div><div style=\"clear:both;\"><\/div><\/div><\/div><\/div>\n<p>&nbsp;<\/p>\n","protected":false},"excerpt":{"rendered":"<p>zgradimo.si, Radovan Kraj\u0161ek s.p., in\u017eenirske storitve in izobra\u017eevanje Pe\u0161\u010dena pot 7, 1000 Ljubljana telefon: 041 360 739 e-po\u0161ta: radovan.krajsek@gmail.com mati\u010dna \u0161tevilka: 7037082000 dav\u010dna \u0161tevilka: 10595759 TRR: SI56 0201 1305 2470 898 ZAPOSLENI IN PROJEKTNI SODELAVCI &nbsp;<\/p>\n","protected":false},"author":1,"featured_media":0,"parent":0,"menu_order":0,"comment_status":"closed","ping_status":"closed","template":"","meta":{"ngg_post_thumbnail":0},"_links":{"self":[{"href":"https:\/\/zgradimo.si\/wp\/index.php?rest_route=\/wp\/v2\/pages\/229"}],"collection":[{"href":"https:\/\/zgradimo.si\/wp\/index.php?rest_route=\/wp\/v2\/pages"}],"about":[{"href":"https:\/\/zgradimo.si\/wp\/index.php?rest_route=\/wp\/v2\/types\/page"}],"author":[{"embeddable":true,"href":"https:\/\/zgradimo.si\/wp\/index.php?rest_route=\/wp\/v2\/users\/1"}],"replies":[{"embeddable":true,"href":"https:\/\/zgradimo.si\/wp\/index.php?rest_route=%2Fwp%2Fv2%2Fcomments&post=229"}],"version-history":[{"count":78,"href":"https:\/\/zgradimo.si\/wp\/index.php?rest_route=\/wp\/v2\/pages\/229\/revisions"}],"predecessor-version":[{"id":582,"href":"https:\/\/zgradimo.si\/wp\/index.php?rest_route=\/wp\/v2\/pages\/229\/revisions\/582"}],"wp:attachment":[{"href":"https:\/\/zgradimo.si\/wp\/index.php?rest_route=%2Fwp%2Fv2%2Fmedia&parent=229"}],"curies":[{"name":"wp","href":"https:\/\/api.w.org\/{rel}","templated":true}]}}