{"id":24,"date":"2016-02-24T10:58:21","date_gmt":"2016-02-24T09:58:21","guid":{"rendered":"http:\/\/zgradi.kompaski.si\/wp\/?page_id=24"},"modified":"2021-11-22T17:00:21","modified_gmt":"2021-11-22T16:00:21","slug":"kontakt","status":"publish","type":"page","link":"https:\/\/zgradimo.si\/wp\/?page_id=24","title":{"rendered":"KONTAKT"},"content":{"rendered":"<p><img loading=\"lazy\" class=\"alignnone wp-image-333 size-full\" src=\"http:\/\/zgradimo.si\/wp\/wp-content\/uploads\/2016\/02\/ozadja-glava4d-e1475579663443.jpg\" alt=\"ozadja-glava4d\" width=\"1280\" height=\"95\"><\/p>\n<h3>Imate vpra\u0161anja glede na\u010drtovane prenove ali novogradnje?<\/h3>\n<p>Storitve nudimo predvsem v osrednjeslovenski regiji in na Gorenjskem, za ve\u010dje projekte tudi drugod. Z vami si ogledamo nepremi\u010dnino, pripravimo oceno stro\u0161kov prenove ali druge investicije, poi\u0161\u010demo ponudbe, nudimo koordinacijo in vodenje del ter nadzor izvedbe del. Ve\u010d o na\u0161i ponudbi na strani &#8220;<a href=\"http:\/\/zgradimo.si\/wp\/?page_id=262\">Na\u0161e storitve<\/a>&#8220;.<\/p>\n<p><strong>Pokli\u010dite, po\u0161ljite e-po\u0161to ali izpolnite spodnji kontaktni obrazec.<\/strong> V najkraj\u0161em \u010dasu vas bomo poklicali ali vam odpisali. Na\u0161 kontakt:<\/p>\n<div>\n<div class=\"callout\">\n<p style=\"padding-left: 30px;\">Radovan Kraj\u0161ek<\/p>\n<p style=\"padding-left: 30px;\">telefon: 041 360 739<\/p>\n<p style=\"padding-left: 30px;\">e-po\u0161ta: <a href=\"mailto:radovan.krajsek@gmail.com\">radovan.krajsek@gmail.com<\/a><\/p>\n<\/div>\n<\/div>\n<p style=\"padding-left: 30px;\">\n\n<!-- Fast Secure Contact Form plugin 4.0.52 - begin - FastSecureContactForm.com -->\r\n<div style=\"clear:both;\"><\/div>\n<p>V obrazec vnesite svoje kontaktne podatke in \u017eelje glede prenove \/ novogradnje:<\/p>\r\n<div id=\"FSContact1\" style=\"width:99%; max-width:555px;\">\r\n<form action=\"https:\/\/zgradimo.si\/wp\/index.php?rest_route=%2Fwp%2Fv2%2Fpages%2F24#FSContact1\" id=\"fscf_form1\" method=\"post\">\r\n<fieldset id=\"fscf_form_fieldset1\" style=\"border:1px solid black; width:99%; max-width:550px; padding:10px;\">\n<legend>Kontaktni obrazec<\/legend>\n\n<div id=\"fscf_required1\">\n  <span style=\"text-align:left;\">*<\/span> <span style=\"text-align:left;\">ozna\u010duje obvezen podatek<\/span>\n<\/div>\n\n\n<div id=\"fscf_div_clear1_0\" style=\"clear:both;\">\n  <div id=\"fscf_div_field1_0\" style=\"clear:left; float:left; width:99%; max-width:550px; margin-right:10px;\">\r\n    <div style=\"text-align:left; padding-top:5px;\">\n      <label style=\"text-align:left;\" for=\"fscf_name1\">Ime in priimek:<span style=\"text-align:left;\">*<\/span><\/label>\n    <\/div>\r\n    <div style=\"text-align:left;\">\r\n      <input style=\"text-align:left; margin:0; width:99%; max-width:250px;\" type=\"text\" id=\"fscf_name1\" name=\"full_name\" value=\"\"  \/>\r\n    <\/div>\r\n  <\/div>\n<\/div>\n\n<div id=\"fscf_div_clear1_1\" style=\"clear:both;\">\n  <div id=\"fscf_div_field1_1\" style=\"clear:left; float:left; width:99%; max-width:550px; margin-right:10px;\">\n    <div style=\"text-align:left; padding-top:5px;\">\n      <label style=\"text-align:left;\" for=\"fscf_email1\">E-po\u0161tni naslov:<span style=\"text-align:left;\">*<\/span><\/label>\n    <\/div>\n    <div style=\"text-align:left;\">\n      <input style=\"text-align:left; margin:0; width:99%; max-width:250px;\" type=\"text\" id=\"fscf_email1\" name=\"email\" value=\"\"  \/>\n    <\/div>\n  <\/div>\n<\/div>\n\n<div id=\"fscf_div_clear1_5\" style=\"clear:both;\">\n  <div id=\"fscf_div_field1_5\" style=\"clear:left; float:left; width:99%; max-width:550px; margin-right:10px;\">\n    <div  id=\"fscf_label1_5\" style=\"text-align:left; padding-top:5px;\">\r\n      <label style=\"text-align:left;\" for=\"fscf_field1_5\">Telefon:<\/label>\n    <\/div>\n    <div style=\"text-align:left;\">\n      <input style=\"text-align:left; margin:0; width:99%; max-width:250px;\" type=\"text\" id=\"fscf_field1_5\" name=\"Telefon\" value=\"\"  \/>\n    <\/div>\n  <\/div>\n<\/div>\n\n<div id=\"fscf_div_clear1_3\" style=\"clear:both;\">\n  <div id=\"fscf_div_field1_3\" style=\"clear:left; float:left; width:99%; max-width:550px; margin-right:10px;\">\n    <div style=\"text-align:left; padding-top:5px;\">\n      <label style=\"text-align:left;\" for=\"fscf_field1_3\">Sporo\u010dilo:<span style=\"text-align:left;\">*<\/span><\/label>\n    <\/div>\n    <div style=\"text-align:left;\">\n      <textarea style=\"text-align:left; margin:0; width:99%; max-width:250px; height:120px;\" id=\"fscf_field1_3\" name=\"message\" cols=\"30\" rows=\"10\" ><\/textarea>\n    <\/div>\n  <\/div>\n<\/div>\r\n<div style=\"clear:both;\"><\/div>\n\n<div style=\"text-align:left; padding-top:5px;\">\n<\/div>\n<div id=\"fscf_captcha_image_div1\" style=\"width:250px; height:65px; padding-top:2px;\">\n      <img id=\"fscf_captcha_image1\" style=\"border-style:none; margin:0; padding:0px; padding-right:5px; float:left;\" src=\"https:\/\/zgradimo.si\/wp\/wp-content\/plugins\/si-contact-form\/captcha\/securimage_show.php?prefix=hSKU2katke8b0XHW\" width=\"175\" height=\"60\" alt=\"CAPTCHA\" title=\"CAPTCHA\" \/>\n      <input id=\"fscf_captcha_prefix1\" type=\"hidden\" name=\"fscf_captcha_prefix1\" value=\"hSKU2katke8b0XHW\" \/>\n     <div id=\"fscf_captcha_refresh1\">\n        <a href=\"#\" rel=\"nofollow\" title=\"Refresh\" onclick=\"fscf_captcha_refresh('1','\/wp\/wp-content\/plugins\/si-contact-form\/captcha','https:\/\/zgradimo.si\/wp\/wp-content\/plugins\/si-contact-form\/captcha\/securimage_show.php?prefix='); return false;\">\n        <img src=\"https:\/\/zgradimo.si\/wp\/wp-content\/plugins\/si-contact-form\/captcha\/images\/refresh.png\" width=\"22\" height=\"20\" alt=\"Refresh\" style=\"border-style:none; margin:0; padding:0px; vertical-align:bottom;\" onclick=\"this.blur();\" \/><\/a>\r\n     <\/div>\r\n<\/div>\r\n\r\n<div id=\"fscf_captcha_field1\" style=\"text-align:left; padding-top:5px;\">\r\n     <label style=\"text-align:left;\" for=\"fscf_captcha_code1\">Prepi\u0161ite kodo CAPTCHA:<span style=\"text-align:left;\">*<\/span><\/label>\r\n<\/div>\r\n<div style=\"text-align:left;\">\n     <input style=\"text-align:left; margin:0; width:50px;\" type=\"text\" value=\"\" autocomplete=\"off\" id=\"fscf_captcha_code1\" name=\"captcha_code\"  \/>\n<\/div>\n\n<div id=\"fscf_submit_div1\" style=\"text-align:left; clear:both; padding-top:15px;\">\r\n\t\t<input type=\"submit\" id=\"fscf_submit1\" style=\"cursor:pointer; margin:0;\" value=\"Po\u0161lji\"  onclick=\"this.disabled=true; this.value='Po\u0161iljanje...'; this.form.submit();\" \/> \n<\/div>\n<\/fieldset>\n\n<input type=\"hidden\" name=\"fscf_submitted\" value=\"0\" \/>\n<input type=\"hidden\" name=\"fs_postonce_1\" value=\"f9e60252e3d54b49797f15f91407cd60,1778590040\" \/>\n<input type=\"hidden\" name=\"si_contact_action\" value=\"send\" \/>\n<input type=\"hidden\" name=\"form_id\" value=\"1\" \/>\n<input type=\"hidden\" name=\"mailto_id\" value=\"1\" \/>\n\n<\/form>\n<\/div>\r\n<div style=\"clear:both;\"><\/div>\n\n<!-- Fast Secure Contact Form plugin 4.0.52 - end - FastSecureContactForm.com -->\n<\/p>\n","protected":false},"excerpt":{"rendered":"<p>Imate vpra\u0161anja glede na\u010drtovane prenove ali novogradnje? Storitve nudimo predvsem v osrednjeslovenski regiji in na Gorenjskem, za ve\u010dje projekte tudi drugod. Z vami si ogledamo nepremi\u010dnino, pripravimo oceno stro\u0161kov prenove ali druge investicije, poi\u0161\u010demo ponudbe, nudimo koordinacijo in vodenje del ter nadzor izvedbe del. Ve\u010d o na\u0161i ponudbi na strani &#8220;Na\u0161e storitve&#8220;. Pokli\u010dite, po\u0161ljite e-po\u0161to\u2026 <span class=\"read-more\"><a href=\"https:\/\/zgradimo.si\/wp\/?page_id=24\">Read More &raquo;<\/a><\/span><\/p>\n","protected":false},"author":1,"featured_media":0,"parent":0,"menu_order":0,"comment_status":"closed","ping_status":"closed","template":"","meta":{"ngg_post_thumbnail":0},"_links":{"self":[{"href":"https:\/\/zgradimo.si\/wp\/index.php?rest_route=\/wp\/v2\/pages\/24"}],"collection":[{"href":"https:\/\/zgradimo.si\/wp\/index.php?rest_route=\/wp\/v2\/pages"}],"about":[{"href":"https:\/\/zgradimo.si\/wp\/index.php?rest_route=\/wp\/v2\/types\/page"}],"author":[{"embeddable":true,"href":"https:\/\/zgradimo.si\/wp\/index.php?rest_route=\/wp\/v2\/users\/1"}],"replies":[{"embeddable":true,"href":"https:\/\/zgradimo.si\/wp\/index.php?rest_route=%2Fwp%2Fv2%2Fcomments&post=24"}],"version-history":[{"count":25,"href":"https:\/\/zgradimo.si\/wp\/index.php?rest_route=\/wp\/v2\/pages\/24\/revisions"}],"predecessor-version":[{"id":569,"href":"https:\/\/zgradimo.si\/wp\/index.php?rest_route=\/wp\/v2\/pages\/24\/revisions\/569"}],"wp:attachment":[{"href":"https:\/\/zgradimo.si\/wp\/index.php?rest_route=%2Fwp%2Fv2%2Fmedia&parent=24"}],"curies":[{"name":"wp","href":"https:\/\/api.w.org\/{rel}","templated":true}]}}