{"id":262,"date":"2016-03-24T00:03:47","date_gmt":"2016-03-23T23:03:47","guid":{"rendered":"http:\/\/zgradimo.si\/wp\/?page_id=262"},"modified":"2021-11-22T17:01:52","modified_gmt":"2021-11-22T16:01:52","slug":"nase-storitve","status":"publish","type":"page","link":"https:\/\/zgradimo.si\/wp\/?page_id=262","title":{"rendered":"Na\u0161e storitve"},"content":{"rendered":"<div class=\"callout\">\n<h2>Osnovna dejavnost podjetja<\/h2>\n<p style=\"padding-left: 30px;\"><strong>IN\u017dENIRSKE STORITVE<br \/>\n<\/strong><span style=\"color: #333333;\">&#8211; <\/span><a href=\"http:\/\/zgradimo.si\/wp\/?page_id=497\">priprava in izvedba gradbenih projektov<\/a>,<br \/>\n&#8211; <a href=\"http:\/\/zgradimo.si\/wp\/?page_id=395\">strokovni pregled nepremi\u010dnin pred nakupom<\/a>,<br \/>\n&#8211; <a href=\"http:\/\/zgradimo.si\/wp\/?page_id=423\">priprava dokumentacije za pridobitev sredstev Eko sklada<\/a>&#8230;<\/p>\n<h2>Ostale dejavnosti<\/h2>\n<p style=\"padding-left: 30px;\"><strong>IZOBRA\u017dEVANJE<br \/>\n<\/strong><span style=\"color: #333333;\"><a href=\"http:\/\/zgradimo.si\/wp\/?page_id=506\">Izvedba delavnic<\/a>, <\/span>te\u010dajev in drugih aktivnosti za naslednja podro\u010dja:<br \/>\n&#8211; <a href=\"http:\/\/zgradimo.si\/wp\/?page_id=506\">klekljana \u010dipka<\/a> za otroke in odrasle,<br \/>\n&#8211; naravoslovne vsebine za otroke in odrasle,<br \/>\n&#8211; izleti z geolo\u0161ko vsebino.<\/p>\n<p style=\"padding-left: 30px;\"><strong>PREVAJANJE<\/strong><br \/>\n<span style=\"color: #333333;\">Prevajanje&nbsp;<\/span>poljudnih in poljudno-znanstvenih besedil &#8211; <em><strong>angle\u0161\u010dina &lt;&gt; sloven\u0161\u010dina<\/strong><\/em>.<\/p>\n<\/div>\n<p>&nbsp;<\/p>\n","protected":false},"excerpt":{"rendered":"<p>Osnovna dejavnost podjetja IN\u017dENIRSKE STORITVE &#8211; priprava in izvedba gradbenih projektov, &#8211; strokovni pregled nepremi\u010dnin pred nakupom, &#8211; priprava dokumentacije za pridobitev sredstev Eko sklada&#8230; Ostale dejavnosti IZOBRA\u017dEVANJE Izvedba delavnic, te\u010dajev in drugih aktivnosti za naslednja podro\u010dja: &#8211; klekljana \u010dipka za otroke in odrasle, &#8211; naravoslovne vsebine za otroke in odrasle, &#8211; izleti z geolo\u0161ko\u2026 <span class=\"read-more\"><a href=\"https:\/\/zgradimo.si\/wp\/?page_id=262\">Read More &raquo;<\/a><\/span><\/p>\n","protected":false},"author":1,"featured_media":0,"parent":0,"menu_order":0,"comment_status":"closed","ping_status":"closed","template":"","meta":{"ngg_post_thumbnail":0},"_links":{"self":[{"href":"https:\/\/zgradimo.si\/wp\/index.php?rest_route=\/wp\/v2\/pages\/262"}],"collection":[{"href":"https:\/\/zgradimo.si\/wp\/index.php?rest_route=\/wp\/v2\/pages"}],"about":[{"href":"https:\/\/zgradimo.si\/wp\/index.php?rest_route=\/wp\/v2\/types\/page"}],"author":[{"embeddable":true,"href":"https:\/\/zgradimo.si\/wp\/index.php?rest_route=\/wp\/v2\/users\/1"}],"replies":[{"embeddable":true,"href":"https:\/\/zgradimo.si\/wp\/index.php?rest_route=%2Fwp%2Fv2%2Fcomments&post=262"}],"version-history":[{"count":29,"href":"https:\/\/zgradimo.si\/wp\/index.php?rest_route=\/wp\/v2\/pages\/262\/revisions"}],"predecessor-version":[{"id":570,"href":"https:\/\/zgradimo.si\/wp\/index.php?rest_route=\/wp\/v2\/pages\/262\/revisions\/570"}],"wp:attachment":[{"href":"https:\/\/zgradimo.si\/wp\/index.php?rest_route=%2Fwp%2Fv2%2Fmedia&parent=262"}],"curies":[{"name":"wp","href":"https:\/\/api.w.org\/{rel}","templated":true}]}}