{"id":366,"date":"2017-01-13T15:26:54","date_gmt":"2017-01-13T14:26:54","guid":{"rendered":"http:\/\/zgradimo.si\/wp\/?page_id=366"},"modified":"2021-11-22T17:43:57","modified_gmt":"2021-11-22T16:43:57","slug":"nasi-projekti","status":"publish","type":"page","link":"https:\/\/zgradimo.si\/wp\/?page_id=366","title":{"rendered":"Na\u0161i projekti"},"content":{"rendered":"<h3><span id=\"REFERENCE\">REFERENCE<\/span><\/h3>\n<div class=\"callout\">\n<p style=\"padding-left: 30px;\"><em><strong>Radovan Kraj\u0161ek<\/strong>: Strokovno znanje in izku\u0161nje 25 let nabiram z delom v gradbeni\u0161tvu. Zbirka delovnih podro\u010dij, na katerih sem delal je pestra. Najprej v gradbeni operativi: vodenje gradbene knjige in obra\u010duna del na gradbi\u0161\u010du, vodenje gradbi\u0161\u010d &#8211; od manj\u0161ih objektov do stanovanjskih sosesk z ve\u010d sto stanovanji in poslovnimi prostori, za popestritev pa \u0161e koordinacija sprememb po \u017eeljah kupcev stanovanj. Sledilo je delo v gradbenem in\u017eeniringu, pri pripravi in izvedbi investicij &#8211; znova od malih do velikih projektov: ocenjevanje smotrnosti investicije, priprava dokumentacije, sodelovanje s projektanti, priprava popisov del, razpisov za izvedbo del, pridobivanje izvajalcev, priprava pogodb, kontrola kakovosti izvedenih del, analiza zaklju\u010denih investicij.<br \/>\nNa\u0161tete izku\u0161nje in izku\u0161nje strokovnih sodelavcev so temelj, na katerem gradimo projekte podjetja zgradimo.si.<br \/>\n<\/em><\/p>\n<\/div>\n<h3><span id=\"Predstavitev_nekaterih_izvedenih_projektov\"><strong>Predstavitev nekaterih izvedenih projektov<\/strong><\/span><\/h3>\n<p><strong>Sanacija fasade na policijski postaji Grosuplje<\/strong>:<br \/>\n<em>V sodelovanju s podjetjem <\/em>Libertin d.o.o.<em> smo izvajali gradbeni nadzor po Zakonu o graditvi objektov (ZGO-1). Objekt je dobil novo, toplotno izolirano fasado, izvedena je bila sanacija balkonov in nekaj drugih del.<br \/>\n<\/em><\/p>\n<p><a href=\"http:\/\/zgradimo.si\/wp\/wp-content\/uploads\/2016\/03\/reference-foto-1612-1-e1484309804818.jpg\" target=\"_blank\" rel=\"attachment noopener wp-att-362\"><img loading=\"lazy\" class=\"alignleft wp-image-362 size-medium\" src=\"http:\/\/zgradimo.si\/wp\/wp-content\/uploads\/2016\/03\/reference-foto-1612-1-300x213.jpg\" alt=\"reference-foto-1612-1\" width=\"300\" height=\"213\"><\/a><a href=\"http:\/\/zgradimo.si\/wp\/wp-content\/uploads\/2016\/03\/reference-foto-1612-2-e1484310020343.jpg\" target=\"_blank\" rel=\"attachment noopener wp-att-356\"><img loading=\"lazy\" class=\"alignnone wp-image-356 size-medium\" src=\"http:\/\/zgradimo.si\/wp\/wp-content\/uploads\/2016\/03\/reference-foto-1612-2-e1484309050747-300x271.jpg\" alt=\"reference-foto-1612-2\" width=\"300\" height=\"271\"><\/a><\/p>\n<p><strong>Monta\u017ea son\u010dne elektrarne, prenova strehe in fasade hi\u0161e, Dobrova:<\/strong><br \/>\n<em>Odstranitev azbestne kritine, monta\u017ea nove kritine; izbor izvajalca, dobava in monta\u017ea mikro son\u010dne elektrarne (sistem neto meritev), priprava dokumentacije za pridobitev nepovratnih sredstev in kredita Eko sklada za son\u010dno elektrarno, izdelava ozemljitve z ozemljitvenimi sondami; \u010di\u0161\u010denje, sanacija in barvanje fasade.<\/em><\/p>\n<p><a href=\"http:\/\/zgradimo.si\/wp\/wp-content\/uploads\/2017\/01\/Projekti-foto.jpg\" target=\"_blank\" rel=\"attachment noopener wp-att-487\"><img loading=\"lazy\" class=\"alignnone wp-image-487 size-medium\" src=\"http:\/\/zgradimo.si\/wp\/wp-content\/uploads\/2017\/01\/Projekti-foto-300x226.jpg\" alt=\"reference-foto-1703\" width=\"300\" height=\"226\" srcset=\"https:\/\/zgradimo.si\/wp\/wp-content\/uploads\/2017\/01\/Projekti-foto-300x226.jpg 300w, https:\/\/zgradimo.si\/wp\/wp-content\/uploads\/2017\/01\/Projekti-foto-660x497.jpg 660w, https:\/\/zgradimo.si\/wp\/wp-content\/uploads\/2017\/01\/Projekti-foto.jpg 700w\" sizes=\"(max-width: 300px) 100vw, 300px\" \/><\/a><\/p>\n<p><strong>Rekonstrukcija hi\u0161e v Ljubljani<\/strong>:<br \/>\n<em>Dvig ostre\u0161ja, povi\u0161anje mansarde, izvedba vseh gradbenih, instalacijskih in obrtni\u0161kih del za dokon\u010danje mansarde, izvedba nove fasade s toplotno izolacijo, priprava vloge in zaklju\u010dne dokumentacije za sofinanciranje Eko sklada.<\/em><\/p>\n<p><a href=\"http:\/\/zgradimo.si\/wp\/wp-content\/uploads\/2016\/03\/reference-foto-1601-e1474957052592.jpg\" target=\"_blank\" rel=\"attachment noopener wp-att-303\"><img loading=\"lazy\" class=\"alignnone wp-image-303 size-medium\" src=\"http:\/\/zgradimo.si\/wp\/wp-content\/uploads\/2016\/03\/reference-foto-1601-e1474957052592-300x156.jpg\" alt=\"reference-foto-1601\" width=\"300\" height=\"156\" srcset=\"https:\/\/zgradimo.si\/wp\/wp-content\/uploads\/2016\/03\/reference-foto-1601-e1474957052592-300x156.jpg 300w, https:\/\/zgradimo.si\/wp\/wp-content\/uploads\/2016\/03\/reference-foto-1601-e1474957052592-768x399.jpg 768w, https:\/\/zgradimo.si\/wp\/wp-content\/uploads\/2016\/03\/reference-foto-1601-e1474957052592-1024x532.jpg 1024w, https:\/\/zgradimo.si\/wp\/wp-content\/uploads\/2016\/03\/reference-foto-1601-e1474957052592.jpg 1200w\" sizes=\"(max-width: 300px) 100vw, 300px\" \/><\/a><\/p>\n<p><strong>Rekonstrukcija hi\u0161e v Medvodah<\/strong>:<br \/>\n<em>Prerazporeditev prostorov hi\u0161e &#8211; nova lokacija kopalnice, pove\u010dava kuhinje, preureditev pomo\u017enih prostorov v utility, vetrolov, shrambo. Nova zunanja stena s toplotno izolirano fasado, osve\u017eitev ostalih fasad z barvanjem, menjava stavbnega pohi\u0161tva, izdelava nove terase, sanacija dimnika, instalacijska in obrtin\u0161ka dela za dokon\u010danje notranjosti.<\/em><\/p>\n<div id=\"attachment_308\" style=\"width: 310px\" class=\"wp-caption alignleft\"><a href=\"http:\/\/zgradimo.si\/wp\/wp-content\/uploads\/2016\/03\/reference-foto-1610-2-e1474956632408.jpg\" target=\"_blank\" rel=\"noopener\"><img aria-describedby=\"caption-attachment-308\" loading=\"lazy\" class=\"wp-image-308 size-medium\" src=\"http:\/\/zgradimo.si\/wp\/wp-content\/uploads\/2016\/03\/reference-foto-1610-2-e1474956632408-300x227.jpg\" alt=\"nova obodna stena in novi, uporabni prostori za njo\" width=\"300\" height=\"227\" srcset=\"https:\/\/zgradimo.si\/wp\/wp-content\/uploads\/2016\/03\/reference-foto-1610-2-e1474956632408-300x227.jpg 300w, https:\/\/zgradimo.si\/wp\/wp-content\/uploads\/2016\/03\/reference-foto-1610-2-e1474956632408-768x580.jpg 768w, https:\/\/zgradimo.si\/wp\/wp-content\/uploads\/2016\/03\/reference-foto-1610-2-e1474956632408-1024x773.jpg 1024w, https:\/\/zgradimo.si\/wp\/wp-content\/uploads\/2016\/03\/reference-foto-1610-2-e1474956632408.jpg 1200w\" sizes=\"(max-width: 300px) 100vw, 300px\" \/><\/a><p id=\"caption-attachment-308\" class=\"wp-caption-text\">nova obodna stena in novi, uporabni prostori za njo<\/p><\/div>\n<p><a href=\"http:\/\/zgradimo.si\/wp\/wp-content\/uploads\/2016\/03\/reference-foto-1610-1-e1474956700202.jpg\" target=\"_blank\" rel=\"attachment noopener wp-att-307\"><img loading=\"lazy\" class=\"wp-image-307 size-medium alignnone\" src=\"http:\/\/zgradimo.si\/wp\/wp-content\/uploads\/2016\/03\/reference-foto-1610-1-e1474956700202-252x300.jpg\" alt=\"kuhinja pove\u010dana na ra\u010dun stare kopalnice\" width=\"252\" height=\"300\" srcset=\"https:\/\/zgradimo.si\/wp\/wp-content\/uploads\/2016\/03\/reference-foto-1610-1-e1474956700202-252x300.jpg 252w, https:\/\/zgradimo.si\/wp\/wp-content\/uploads\/2016\/03\/reference-foto-1610-1-e1474956700202-768x915.jpg 768w, https:\/\/zgradimo.si\/wp\/wp-content\/uploads\/2016\/03\/reference-foto-1610-1-e1474956700202-860x1024.jpg 860w, https:\/\/zgradimo.si\/wp\/wp-content\/uploads\/2016\/03\/reference-foto-1610-1-e1474956700202.jpg 1200w\" sizes=\"(max-width: 252px) 100vw, 252px\" \/><\/a><\/p>\n<p><strong>Dokon\u010danje hi\u0161e pri Medvodah, ureditev okolice<\/strong>:<br \/>\n<em>Delo smo izvedli v dveh fazah:<\/em><br \/>\n<em> 1. Menjava kritine, toplotna izolacija strehe, menjava oken, dokon\u010danje notranjosti objekta, popravilo dela hidroizolacije obodnih kletnih zidov.<\/em><br \/>\n<em> 2. Nova fasada z dodatno toplotno izolacijo, monta\u017ea klimatskih naprav, popravilo drugega dela hidroizolacije oboda kleti, odvodnjavanje, ureditev dvori\u0161\u010da in okolice, priprava vloge in zaklju\u010dne dokumentacije za sofinanciranje Eko sklada.<\/em><\/p>\n<div id=\"attachment_306\" style=\"width: 310px\" class=\"wp-caption alignleft\"><a href=\"http:\/\/zgradimo.si\/wp\/wp-content\/uploads\/2016\/03\/reference-foto-1602-2-e1474956933595.jpg\" target=\"_blank\" rel=\"attachment noopener wp-att-306\"><img aria-describedby=\"caption-attachment-306\" loading=\"lazy\" class=\"wp-image-306 size-medium\" src=\"http:\/\/zgradimo.si\/wp\/wp-content\/uploads\/2016\/03\/reference-foto-1602-2-e1474956933595-300x231.jpg\" alt=\"po dolgem samevanju je hi\u0161a z novimi lastniki za\u017eivela\" width=\"300\" height=\"231\" srcset=\"https:\/\/zgradimo.si\/wp\/wp-content\/uploads\/2016\/03\/reference-foto-1602-2-e1474956933595-300x231.jpg 300w, https:\/\/zgradimo.si\/wp\/wp-content\/uploads\/2016\/03\/reference-foto-1602-2-e1474956933595-768x591.jpg 768w, https:\/\/zgradimo.si\/wp\/wp-content\/uploads\/2016\/03\/reference-foto-1602-2-e1474956933595-1024x788.jpg 1024w, https:\/\/zgradimo.si\/wp\/wp-content\/uploads\/2016\/03\/reference-foto-1602-2-e1474956933595.jpg 1200w\" sizes=\"(max-width: 300px) 100vw, 300px\" \/><\/a><p id=\"caption-attachment-306\" class=\"wp-caption-text\">po dolgem samevanju je hi\u0161a z novimi lastniki za\u017eivela<\/p><\/div>\n<p style=\"padding-left: 30px; text-align: left;\"><em><a href=\"http:\/\/zgradimo.si\/wp\/wp-content\/uploads\/2016\/03\/reference-foto-1602-1-e1474957022640.jpg\" target=\"_blank\" rel=\"attachment noopener wp-att-305\"><img loading=\"lazy\" class=\"wp-image-305 size-medium alignleft\" src=\"http:\/\/zgradimo.si\/wp\/wp-content\/uploads\/2016\/03\/reference-foto-1602-1-e1474957022640-271x300.jpg\" alt=\"reference-foto-1602-1\" width=\"271\" height=\"300\" srcset=\"https:\/\/zgradimo.si\/wp\/wp-content\/uploads\/2016\/03\/reference-foto-1602-1-e1474957022640-271x300.jpg 271w, https:\/\/zgradimo.si\/wp\/wp-content\/uploads\/2016\/03\/reference-foto-1602-1-e1474957022640-768x849.jpg 768w, https:\/\/zgradimo.si\/wp\/wp-content\/uploads\/2016\/03\/reference-foto-1602-1-e1474957022640-927x1024.jpg 927w, https:\/\/zgradimo.si\/wp\/wp-content\/uploads\/2016\/03\/reference-foto-1602-1-e1474957022640.jpg 1000w\" sizes=\"(max-width: 271px) 100vw, 271px\" \/><\/a><\/em><\/p>\n<p style=\"padding-left: 30px; text-align: left;\">&nbsp;<\/p>\n<h3><span id=\"Drugi_projekti_8211_ze_dokoncani_ali_v_izvedbi\">Drugi projekti &#8211; \u017ee dokon\u010dani ali v izvedbi<\/span><\/h3>\n<p><em>&#8211; <strong>Prenova mansardnega stanovanja v starej\u0161i ve\u010dstanovanjski hi\u0161i, Ljubljana<\/strong>: izmere in izris na\u010drta stanovanja, svetovanja pri prenovi lesene nosilne konstrukcije;<br \/>\n&#8211; <strong>Predelava podstre\u0161ja stanovanjske hi\u0161e v stanovanje, Ljubljana-Vi\u017emarje<\/strong>: dvig celotnega ostre\u0161ja, nadzidava obodnih zidov, vsa gradbena dela in del obrtni\u0161kih del v mansardi; odstranitev azbestne kritine, monta\u017ea nove kritine in toplotna izolacija strehe;<br \/>\n&#8211; <strong>Predelava podstre\u0161ja starej\u0161e hi\u0161e, v bli\u017eini Tujaka<\/strong>: izdelava ve\u010d variant na\u010drta za preureditev v mansardno po\u010ditni\u0161ko stanovanje, izdelava popisa del in ocene stro\u0161kov, pridobitev ponud in izvajalcev, predelava ostre\u0161ja, nove odprtine v \u010delnih stenah in vgradnja novih oken;<br \/>\n&#8211; <strong>Predlog sanacije opornega zidu, Radovljica<\/strong>: ogled stanja nagibajo\u010dega, starega opornega zidu, predlog sanacije ter ocena stro\u0161kov zasilne sanacije in izdelave nadomestnega opornega zidu;<br \/>\n&#8211; <strong>Izdelava idejnega na\u010drta za stajo, So\u010da<\/strong>: tlorisi, prerezi, pogledi in 3D predstavitev predvidenega objekta, kot podlaga za upravne postopke;<br \/>\n&#8211; <strong>Pregled hi\u0161e pred predvidenim nakupom, Ljubljana-\u0160i\u0161ka<\/strong>: ugotavljanje stanja nepremi\u010dnine, solidnosti gradnje, stanja instalacij, popis del za predvidene predelave hi\u0161e, ki jih je \u017eelel kupec izvesti po nakupu &#8211; pred vselitvijo, ocena stro\u0161kov predelav;<br \/>\n&#8211; <strong>Pregled hi\u0161 pred predvidenim nakupom, Ljubljana-Galjevica, Ljubljana-Rudnik<\/strong>: ugotavljanje stanja nepremi\u010dnine, stanje toplotne izolacije in hidroizolacije, pregled po\u0161kodb zaradi vlage, ocena stro\u0161kov popravil;<br \/>\n&#8211; <strong>Prenova hi\u0161e, sanacija vlage, Grosuplje<\/strong>: sanacija kleti vla\u017ene zaradi kapilanega vleka, prenova in izolacija fasade, menjava oken, monta\u017ea zbiralnika za kapnico (voda za zalivanje vrta, wc kotli\u010dke, pranje perila), priprava dokumentacije za sofinanciranje Eko sklada;<\/em><br \/>\n<em> &#8211; <strong>Predelava starej\u0161ega stanovanja, Ljubljana-\u0160entvid<\/strong>: izdelava ve\u010d variant na\u010drta za popolno prenovo in preureditev v stanovanje za pet \u0161tudentov, izdelava popisa del in ocene stro\u0161kov za izbrano varianto; stanovanje je prenovljeno po predlaganem na\u010drtu in v okviru ocenjenih stro\u0161kov;<br \/>\n&#8211; <strong>Nova staja &#8211; hlev za ovce, So\u010da<\/strong>: izdelava idejnega na\u010drta,&nbsp;pridobitev projektnih pogojev, izdelava na\u010drtov PGD (za pridobitev gradbenega dovoljenja), pridobitev soglasij in gradbenega dovoljenja;<\/em><br \/>\n<em>&#8211; <strong>Popravila pred prodajo hi\u0161e, Ljubljana<\/strong>: sanacija nadstre\u0161ka, belenje prostorov, predlog za ostala popravila;<\/em><br \/>\n<em> &#8211; <strong>Menjava oken, stanovanje v Medvodah<\/strong>: menjava oken, priprava vloge in zaklju\u010dne dokumentacije za sofinanciranje Eko sklada;<\/em><br \/>\n<em> &#8211; <strong>Monta\u017ea klimatskih naprav &#8211; hi\u0161a v Ljubljani in hi\u0161a v okolici Ljubljane<\/strong>;<\/em><br \/>\n<em> &#8211; <strong>Prenova atrijskeg stanovanja, Ljubljana-Be\u017eigrad<\/strong>: prenova kopalnice, menjava stavbnega pohi\u0161tva, priprava vloge in zaklju\u010dne dokumentacije za sofinanciranje Eko sklada, ureditev atrija;<\/em><br \/>\n<em> &#8211; <strong>Urejanje meje s sosedi, hi\u0161a v okolici Ljubljane<\/strong>: svetovanje pri zahtevah za ureditev zemlji\u0161\u010da ob parcelnih mejah na stiku z novozgrajeno stanovanjsko sosesko;<br \/>\n<\/em><\/p>\n","protected":false},"excerpt":{"rendered":"<p>REFERENCE Radovan Kraj\u0161ek: Strokovno znanje in izku\u0161nje 25 let nabiram z delom v gradbeni\u0161tvu. Zbirka delovnih podro\u010dij, na katerih sem delal je pestra. Najprej v gradbeni operativi: vodenje gradbene knjige in obra\u010duna del na gradbi\u0161\u010du, vodenje gradbi\u0161\u010d &#8211; od manj\u0161ih objektov do stanovanjskih sosesk z ve\u010d sto stanovanji in poslovnimi prostori, za popestritev pa \u0161e\u2026 <span class=\"read-more\"><a href=\"https:\/\/zgradimo.si\/wp\/?page_id=366\">Read More &raquo;<\/a><\/span><\/p>\n","protected":false},"author":1,"featured_media":0,"parent":0,"menu_order":0,"comment_status":"closed","ping_status":"closed","template":"","meta":{"ngg_post_thumbnail":0},"_links":{"self":[{"href":"https:\/\/zgradimo.si\/wp\/index.php?rest_route=\/wp\/v2\/pages\/366"}],"collection":[{"href":"https:\/\/zgradimo.si\/wp\/index.php?rest_route=\/wp\/v2\/pages"}],"about":[{"href":"https:\/\/zgradimo.si\/wp\/index.php?rest_route=\/wp\/v2\/types\/page"}],"author":[{"embeddable":true,"href":"https:\/\/zgradimo.si\/wp\/index.php?rest_route=\/wp\/v2\/users\/1"}],"replies":[{"embeddable":true,"href":"https:\/\/zgradimo.si\/wp\/index.php?rest_route=%2Fwp%2Fv2%2Fcomments&post=366"}],"version-history":[{"count":26,"href":"https:\/\/zgradimo.si\/wp\/index.php?rest_route=\/wp\/v2\/pages\/366\/revisions"}],"predecessor-version":[{"id":577,"href":"https:\/\/zgradimo.si\/wp\/index.php?rest_route=\/wp\/v2\/pages\/366\/revisions\/577"}],"wp:attachment":[{"href":"https:\/\/zgradimo.si\/wp\/index.php?rest_route=%2Fwp%2Fv2%2Fmedia&parent=366"}],"curies":[{"name":"wp","href":"https:\/\/api.w.org\/{rel}","templated":true}]}}