{"id":37,"date":"2016-02-24T13:42:24","date_gmt":"2016-02-24T12:42:24","guid":{"rendered":"http:\/\/zgradi.kompaski.si\/wp\/?page_id=37"},"modified":"2022-05-06T20:16:37","modified_gmt":"2022-05-06T18:16:37","slug":"osnovna-stran","status":"publish","type":"page","link":"https:\/\/zgradimo.si\/wp\/","title":{"rendered":"Na\u010drtujete prenovo ali novogradnjo? Kupujete ali energetsko urejate hi\u0161o \/ stanovanje?"},"content":{"rendered":"<p><img loading=\"lazy\" class=\"alignnone wp-image-335 size-full\" src=\"http:\/\/zgradimo.si\/wp\/wp-content\/uploads\/2016\/10\/ozadja-glava4a-e1475579721174.jpg\" alt=\"ozadja-glava4a\" width=\"1280\" height=\"95\"><\/p>\n<h3>PRENAVLJATE?&nbsp; Pred za\u010detkom je dobro vedeti&#8230;<\/h3>\n<p>Prenova ali novogradnja je lahko preprost ali zahtevnej\u0161i zbir raznovrstnih del. Preden se je lotite, je dobro vedeti kaj vse jo sestavlja. Tudi \u010de boste delo prepustili stokovnjakom, priporo\u010damo, da preberete nekaj ve\u010d o tem na strani <a href=\"http:\/\/zgradimo.si\/wp\/?page_id=2\">ABC PRENOVE<\/a>. Tako boste vedeli kaj vas \u010daka in kaj so naloge izvajalcev del.<\/p>\n<p>\u010ce na\u010drtujete novogradnjo, na strani&nbsp; <a href=\"http:\/\/zgradimo.si\/wp\/?page_id=140\">NOVOGRADNJA<\/a> na\u0161tevamo klju\u010dne elemente na katere ne smete pozabiti.<\/p>\n<h3>KUPUJETE ALI ENERGETSKO PRENAVLJATE?<\/h3>\n<p>Pred nakupom ali energetsko prenovo<a href=\"http:\/\/zgradimo.si\/wp\/?page_id=395\" target=\"_blank\" rel=\"noopener\"> celovito pregledamo hi\u0161o \/ stanovanje<\/a>, opozorimo na napake ali te\u017eave ter vam predalgamo kako jih odpraviti. Vklju\u010dimo lahko tudi <strong>pregled s termovizijsko (IR) kamero<\/strong> &#8211; nepogre\u0161ljiv je tudi med menjavo stavbnega pohi\u0161tva in izdelavo toplotne izolacije objekta.<\/p>\n<hr>\n<div class=\"callout\">\n<p>\u017delje glede prenove ali novogradnje vam lahko pomagamo uresni\u010diti tudi mi. <a href=\"http:\/\/zgradimo.si\/wp\/?page_id=24\">Kontaktirajte nas. <\/a><\/p>\n<div  class=\"lgc-column lgc-grid-parent lgc-grid-50 lgc-tablet-grid-50 lgc-mobile-grid-100 lgc-equal-heights \"><div  class=\"inside-grid-column\"><strong>POMAGAMO VAM <a href=\"http:\/\/zgradimo.si\/wp\/?page_id=262\">URESNI\u010cITI NA\u010cRTE<\/a><\/strong>:<br \/>\n&#8211; gradnja in prenova hi\u0161e,<br \/>\n&#8211; toplotna izolacija fasade,<br \/>\n&#8211; menjava oken,<br \/>\n&#8211; prenova ali preureditev stanovanja ali dela stanovanja (kopalnica, kuhinja\u2026),<br \/>\n&#8211; razna obrtni\u0161ka in in\u0161talacijska dela (menjava tlakov, slikopleskarska obdelava, prenova ogrevanja\u2026),<br \/>\n&#8211; zunanja ureditev,<br \/>\n&#8211; strokovni ogled in meritve pri te\u017eavah s talno ali kondezno vlago, sanacija vla\u017enih sten.<\/div><\/div>\n<div  class=\"lgc-column lgc-grid-parent lgc-grid-50 lgc-tablet-grid-50 lgc-mobile-grid-100 lgc-equal-heights \"><div  class=\"inside-grid-column\"><strong>NUDIMO STROKOVNO POMO\u010c <a href=\"http:\/\/zgradimo.si\/wp\/?page_id=395\">PRED NAKUPOM<\/a> HI\u0160E \/ STANOVANJA<\/strong><br \/>\nIn sicer:<br \/>\n&#8211; ogled stanja objekta (solidnost gradnje, streha, toplotna izolacija, tlaki, stavbno pohi\u0161tvo, morebitne po\u0161kodbe zaradi vlage, <strong>pregled s termovizijsko kamero<\/strong>\u2026),<br \/>\n&#8211; plan morebitnih popravil,<br \/>\n&#8211; ocena stro\u0161kov popravil ali \u017eelenih predelav.<\/div><\/div><div class=\"lgc-clear\"><\/div>\n<\/div>\n<p>&nbsp;<\/p>\n","protected":false},"excerpt":{"rendered":"<p>PRENAVLJATE?&nbsp; Pred za\u010detkom je dobro vedeti&#8230; Prenova ali novogradnja je lahko preprost ali zahtevnej\u0161i zbir raznovrstnih del. Preden se je lotite, je dobro vedeti kaj vse jo sestavlja. Tudi \u010de boste delo prepustili stokovnjakom, priporo\u010damo, da preberete nekaj ve\u010d o tem na strani ABC PRENOVE. Tako boste vedeli kaj vas \u010daka in kaj so naloge\u2026 <span class=\"read-more\"><a href=\"https:\/\/zgradimo.si\/wp\/\">Read More &raquo;<\/a><\/span><\/p>\n","protected":false},"author":1,"featured_media":551,"parent":0,"menu_order":0,"comment_status":"closed","ping_status":"closed","template":"","meta":{"ngg_post_thumbnail":0},"_links":{"self":[{"href":"https:\/\/zgradimo.si\/wp\/index.php?rest_route=\/wp\/v2\/pages\/37"}],"collection":[{"href":"https:\/\/zgradimo.si\/wp\/index.php?rest_route=\/wp\/v2\/pages"}],"about":[{"href":"https:\/\/zgradimo.si\/wp\/index.php?rest_route=\/wp\/v2\/types\/page"}],"author":[{"embeddable":true,"href":"https:\/\/zgradimo.si\/wp\/index.php?rest_route=\/wp\/v2\/users\/1"}],"replies":[{"embeddable":true,"href":"https:\/\/zgradimo.si\/wp\/index.php?rest_route=%2Fwp%2Fv2%2Fcomments&post=37"}],"version-history":[{"count":54,"href":"https:\/\/zgradimo.si\/wp\/index.php?rest_route=\/wp\/v2\/pages\/37\/revisions"}],"predecessor-version":[{"id":593,"href":"https:\/\/zgradimo.si\/wp\/index.php?rest_route=\/wp\/v2\/pages\/37\/revisions\/593"}],"wp:featuredmedia":[{"embeddable":true,"href":"https:\/\/zgradimo.si\/wp\/index.php?rest_route=\/wp\/v2\/media\/551"}],"wp:attachment":[{"href":"https:\/\/zgradimo.si\/wp\/index.php?rest_route=%2Fwp%2Fv2%2Fmedia&parent=37"}],"curies":[{"name":"wp","href":"https:\/\/api.w.org\/{rel}","templated":true}]}}