{"id":395,"date":"2017-01-13T18:18:38","date_gmt":"2017-01-13T17:18:38","guid":{"rendered":"http:\/\/zgradimo.si\/wp\/?page_id=395"},"modified":"2018-12-10T09:10:00","modified_gmt":"2018-12-10T08:10:00","slug":"svetovanje-pred-nakupom-nepremicnine","status":"publish","type":"page","link":"https:\/\/zgradimo.si\/wp\/?page_id=395","title":{"rendered":"Svetovanje pred nakupom nepremi\u010dnine"},"content":{"rendered":"<h3><strong>POMO\u010c PRED NAKUPOM ALI ENERGETSKO PRENOVO HI\u0160E \/ STANOVANJA<\/strong><\/h3>\n<p>Pri nakupu hi\u0161e ali stanovanja je nujno podrobneje ugotoviti v kak\u0161nem stanju je nepremi\u010dnina. Celo pri pregledu ali prevzemu novega stanovanja si je vredno vzeti \u010das in si ga dobro ogledati. \u0160e bolj pa to velja pri ogledu in nakupu starej\u0161e hi\u0161e ali stanovanja. \u010ce pri tem potrebujete pomo\u010d, vam jo lahko ponudimo. <a href=\"http:\/\/zgradimo.si\/wp\/?page_id=24\">Kontaktirajte nas.<\/a><\/p>\n<p><strong>Ogled stanja objekta<\/strong><br \/>\nZ vami si ogledamo solidnost gradnje, stanje oboda objekta (obodne stene, streha, toplotne izolacije, hodroizolacije), v kak\u0161nem stanju so tlaki, talne in stenske obloge, stavbno pohi\u0161tvo, instalacije, ali so kje vidne morebitne po\u0161kodbe konstrukcije ali po\u0161kodbe zaradi vlage.<\/p>\n<p>S termovizijsko (IR) kamero poi\u0161\u010demo kriti\u010dna mesta kjer hi\u0161a\/stanovanje izgublja toploto (slabo vgrajena okna, okna s slabo zaseklitvijo, vrata, ki ne tesnijo, toplotne mostove, mesta zamakanj). Na spodnjih fotografijah je nekaj primerov.<\/p>\n<div id=\"attachment_550\" style=\"width: 310px\" class=\"wp-caption alignleft\"><a href=\"https:\/\/zgradimo.si\/wp\/wp-content\/uploads\/2016\/02\/flir_20181208T155258.jpg\" target=\"_blank\" rel=\"attachment noopener wp-att-550\"><img aria-describedby=\"caption-attachment-550\" loading=\"lazy\" class=\"wp-image-550 size-medium\" src=\"http:\/\/zgradimo.si\/wp\/wp-content\/uploads\/2016\/02\/flir_20181208T155258-300x225.jpg\" alt=\"flir_20181208T155258\" width=\"300\" height=\"225\" srcset=\"https:\/\/zgradimo.si\/wp\/wp-content\/uploads\/2016\/02\/flir_20181208T155258-300x225.jpg 300w, https:\/\/zgradimo.si\/wp\/wp-content\/uploads\/2016\/02\/flir_20181208T155258.jpg 640w\" sizes=\"(max-width: 300px) 100vw, 300px\" \/><\/a><p id=\"caption-attachment-550\" class=\"wp-caption-text\">1. Slabo vgrajeno okno<\/p><\/div>\n<div id=\"attachment_549\" style=\"width: 310px\" class=\"wp-caption alignleft\"><a href=\"http:\/\/zgradimo.si\/wp\/wp-content\/uploads\/2016\/02\/flir_20181208T155200.jpg\" target=\"_blank\" rel=\"attachment noopener wp-att-549\"><img aria-describedby=\"caption-attachment-549\" loading=\"lazy\" class=\"wp-image-549 size-medium\" src=\"http:\/\/zgradimo.si\/wp\/wp-content\/uploads\/2016\/02\/flir_20181208T155200-300x225.jpg\" alt=\"flir_20181208T155200\" width=\"300\" height=\"225\" srcset=\"https:\/\/zgradimo.si\/wp\/wp-content\/uploads\/2016\/02\/flir_20181208T155200-300x225.jpg 300w, https:\/\/zgradimo.si\/wp\/wp-content\/uploads\/2016\/02\/flir_20181208T155200.jpg 640w\" sizes=\"(max-width: 300px) 100vw, 300px\" \/><\/a><p id=\"caption-attachment-549\" class=\"wp-caption-text\">2. Napaka v zasteklitvi<\/p><\/div>\n<ul>\n<li>Slabo vgrajeno okno: zrak prehaja med okvirjem in \u0161paleto.<\/li>\n<li>Napaka v dvoslojni zasteklitvi (&#8220;termopan&#8221;): stekli sta sredi okna upognjeni eno proti drugemu in tam zaradi manj\u0161e razdalje med njima prehaja preve\u010d toplote.<\/li>\n<\/ul>\n<div id=\"attachment_551\" style=\"width: 310px\" class=\"wp-caption alignleft\"><a href=\"http:\/\/zgradimo.si\/wp\/wp-content\/uploads\/2016\/02\/flir_20181208T160033.jpg\" target=\"_blank\" rel=\"attachment noopener wp-att-551\"><img aria-describedby=\"caption-attachment-551\" loading=\"lazy\" class=\"wp-image-551 size-medium\" src=\"http:\/\/zgradimo.si\/wp\/wp-content\/uploads\/2016\/02\/flir_20181208T160033-300x225.jpg\" alt=\"flir_20181208T160033\" width=\"300\" height=\"225\" srcset=\"https:\/\/zgradimo.si\/wp\/wp-content\/uploads\/2016\/02\/flir_20181208T160033-300x225.jpg 300w, https:\/\/zgradimo.si\/wp\/wp-content\/uploads\/2016\/02\/flir_20181208T160033.jpg 640w\" sizes=\"(max-width: 300px) 100vw, 300px\" \/><\/a><p id=\"caption-attachment-551\" class=\"wp-caption-text\">3. Slabo stre\u0161no okno<\/p><\/div>\n<div id=\"attachment_548\" style=\"width: 310px\" class=\"wp-caption alignleft\"><a href=\"http:\/\/zgradimo.si\/wp\/wp-content\/uploads\/2016\/02\/flir_20181208T155058.jpg\" target=\"_blank\" rel=\"attachment noopener wp-att-548\"><img aria-describedby=\"caption-attachment-548\" loading=\"lazy\" class=\"wp-image-548 size-medium\" src=\"http:\/\/zgradimo.si\/wp\/wp-content\/uploads\/2016\/02\/flir_20181208T155058-300x259.jpg\" alt=\"flir_20181208T155058\" width=\"300\" height=\"259\" srcset=\"https:\/\/zgradimo.si\/wp\/wp-content\/uploads\/2016\/02\/flir_20181208T155058-300x259.jpg 300w, https:\/\/zgradimo.si\/wp\/wp-content\/uploads\/2016\/02\/flir_20181208T155058.jpg 550w\" sizes=\"(max-width: 300px) 100vw, 300px\" \/><\/a><p id=\"caption-attachment-548\" class=\"wp-caption-text\">4. Vhodna vrata s prepihom<\/p><\/div>\n<p>&nbsp;<\/p>\n<ul>\n<li>Stre\u0161no okno prepu\u0161\u010da toploto med okvirjem in krilom, \u0161e ve\u010d pa med na stiku zasteklitve z okvirjem krila.<\/li>\n<li>Vhodna vrata prepu\u0161\u010dajo zrak med krilom in podbojem, \u0161e posebej v spodnjem vogalu.<\/li>\n<\/ul>\n<p><strong>Plan morebitnih popravil<\/strong><br \/>\nUgotovimo, \u010de so pred vselitvijo potrebna kak\u0161na popravila in v tem primeru pripravimo plan del ter oceno stro\u0161kov.<\/p>\n<p><strong>Ocena stro\u0161kov \u017eelenih predelav<\/strong><br \/>\n\u010ce \u017eelite hi\u0161o ali stanovanje pred vselitvijo delno ali temeljiteje prenoviti, vam pripravimo popis del in oceno stro\u0161kov. Lahko zberemo ponudbe in poi\u0161\u010demo izvajalce za predvidena dela.<\/p>\n","protected":false},"excerpt":{"rendered":"<p>POMO\u010c PRED NAKUPOM ALI ENERGETSKO PRENOVO HI\u0160E \/ STANOVANJA Pri nakupu hi\u0161e ali stanovanja je nujno podrobneje ugotoviti v kak\u0161nem stanju je nepremi\u010dnina. Celo pri pregledu ali prevzemu novega stanovanja si je vredno vzeti \u010das in si ga dobro ogledati. \u0160e bolj pa to velja pri ogledu in nakupu starej\u0161e hi\u0161e ali stanovanja. \u010ce pri\u2026 <span class=\"read-more\"><a href=\"https:\/\/zgradimo.si\/wp\/?page_id=395\">Read More &raquo;<\/a><\/span><\/p>\n","protected":false},"author":1,"featured_media":0,"parent":262,"menu_order":0,"comment_status":"closed","ping_status":"closed","template":"","meta":{"ngg_post_thumbnail":0},"_links":{"self":[{"href":"https:\/\/zgradimo.si\/wp\/index.php?rest_route=\/wp\/v2\/pages\/395"}],"collection":[{"href":"https:\/\/zgradimo.si\/wp\/index.php?rest_route=\/wp\/v2\/pages"}],"about":[{"href":"https:\/\/zgradimo.si\/wp\/index.php?rest_route=\/wp\/v2\/types\/page"}],"author":[{"embeddable":true,"href":"https:\/\/zgradimo.si\/wp\/index.php?rest_route=\/wp\/v2\/users\/1"}],"replies":[{"embeddable":true,"href":"https:\/\/zgradimo.si\/wp\/index.php?rest_route=%2Fwp%2Fv2%2Fcomments&post=395"}],"version-history":[{"count":7,"href":"https:\/\/zgradimo.si\/wp\/index.php?rest_route=\/wp\/v2\/pages\/395\/revisions"}],"predecessor-version":[{"id":564,"href":"https:\/\/zgradimo.si\/wp\/index.php?rest_route=\/wp\/v2\/pages\/395\/revisions\/564"}],"up":[{"embeddable":true,"href":"https:\/\/zgradimo.si\/wp\/index.php?rest_route=\/wp\/v2\/pages\/262"}],"wp:attachment":[{"href":"https:\/\/zgradimo.si\/wp\/index.php?rest_route=%2Fwp%2Fv2%2Fmedia&parent=395"}],"curies":[{"name":"wp","href":"https:\/\/api.w.org\/{rel}","templated":true}]}}