{"id":423,"date":"2017-01-13T23:19:31","date_gmt":"2017-01-13T22:19:31","guid":{"rendered":"http:\/\/zgradimo.si\/wp\/?page_id=423"},"modified":"2018-07-02T17:07:15","modified_gmt":"2018-07-02T15:07:15","slug":"vloge-za-eko-sklad-j-s","status":"publish","type":"page","link":"https:\/\/zgradimo.si\/wp\/?page_id=423","title":{"rendered":"Vloge za Eko sklad j.s."},"content":{"rendered":"<h3>NEPOVRATNA SREDSTVA IN KREDITI EKO SKLADA<\/h3>\n<p>EKO SKLAD, Slovenski okoljski javni sklad fizi\u010dnim osebam ponuja nepovratne finan\u010dne spodbude, oziroma delno povrnitev sredstev pri vlaganjih v ve\u010djo energijsko u\u010dinkovitost stanovanjskih stavb.<\/p>\n<div class=\"callout\">\n<p><em>Pred pri\u010detkom prenove va\u0161ega objekta ali stanovanja, vam <strong>pomagamo pripraviti dokumentacijo<\/strong> za oddajo vloge na Eko skad. Po prejemu pogodbe za sofinanciranje in zaklju\u010dku prenove pa dokumente s katerimi doka\u017eete upravi\u010denost za pridobitev sredstev.<\/em><\/p>\n<\/div>\n<p>Lastniki nepremi\u010dnin najpogosteje pridobijo nepovratna sredstva za:<\/p>\n<ul>\n<li>Menjavo zunanjega stavbnega pohi\u0161tva (okna in vhodna vrata),<\/li>\n<li>toplotno izolacijo fasade,<\/li>\n<li>toplotno izolacijo strehe ali stropa proti podstre\u0161ju,<\/li>\n<li>sisteme za prezra\u010devanje z vra\u010danjem toplote \u2013 rekuperacijo,<\/li>\n<li>vgradnjo toplotne \u010drpalke za ogrevanje objekta,<\/li>\n<li>vgradnjo solarnega ogrevalnega sistema,<\/li>\n<li>gradnjo malih son\u010dnih elektrarn.<\/li>\n<\/ul>\n<p><span class=\"quotes\"><strong>Od 2017 na Eko skladu tudi NEPOVRATNA SREDSTVA ZA GRADNJO MALIH SON\u010cNIH ELEKTRARN!<\/strong><br \/>\nNa Eko skladu so na voljo nepovratna sredstva ob\u010danom za naprave za samooskrbo z elektri\u010dno energijo, pa tudi dodatna nepovratna sredstva ob\u010danom za elektri\u010dna vozila in ob\u010dinam za gradnjo skoraj ni\u010d-energijskih stavb ter dodatna kreditna sredstva &#8230;<\/span><\/p>\n<div class=\"callout\">\n<p><em><strong>\u0160tevilnim naro\u010dnikom smo doslej \u017ee pomagali pridobiti nepovratna sredstva<\/strong>: <\/em><\/p>\n<p><em>pripravili smo vlogo za pridobitev sredstev za razli\u010dne namene: toplotna izolacija fasade, toplotna izolacija podstre\u0161ja, menjava stavbnega pohi\u0161tva in gradnja malih son\u010dnih elektrarn. Ob zaklju\u010dku del smo uredili dokumente potrebne za izpla\u010dilo sredstev naro\u010dniku.<\/em><\/p>\n<\/div>\n","protected":false},"excerpt":{"rendered":"<p>NEPOVRATNA SREDSTVA IN KREDITI EKO SKLADA EKO SKLAD, Slovenski okoljski javni sklad fizi\u010dnim osebam ponuja nepovratne finan\u010dne spodbude, oziroma delno povrnitev sredstev pri vlaganjih v ve\u010djo energijsko u\u010dinkovitost stanovanjskih stavb. Pred pri\u010detkom prenove va\u0161ega objekta ali stanovanja, vam pomagamo pripraviti dokumentacijo za oddajo vloge na Eko skad. Po prejemu pogodbe za sofinanciranje in zaklju\u010dku prenove\u2026 <span class=\"read-more\"><a href=\"https:\/\/zgradimo.si\/wp\/?page_id=423\">Read More &raquo;<\/a><\/span><\/p>\n","protected":false},"author":1,"featured_media":0,"parent":262,"menu_order":0,"comment_status":"closed","ping_status":"closed","template":"","meta":{"ngg_post_thumbnail":0},"_links":{"self":[{"href":"https:\/\/zgradimo.si\/wp\/index.php?rest_route=\/wp\/v2\/pages\/423"}],"collection":[{"href":"https:\/\/zgradimo.si\/wp\/index.php?rest_route=\/wp\/v2\/pages"}],"about":[{"href":"https:\/\/zgradimo.si\/wp\/index.php?rest_route=\/wp\/v2\/types\/page"}],"author":[{"embeddable":true,"href":"https:\/\/zgradimo.si\/wp\/index.php?rest_route=\/wp\/v2\/users\/1"}],"replies":[{"embeddable":true,"href":"https:\/\/zgradimo.si\/wp\/index.php?rest_route=%2Fwp%2Fv2%2Fcomments&post=423"}],"version-history":[{"count":20,"href":"https:\/\/zgradimo.si\/wp\/index.php?rest_route=\/wp\/v2\/pages\/423\/revisions"}],"predecessor-version":[{"id":543,"href":"https:\/\/zgradimo.si\/wp\/index.php?rest_route=\/wp\/v2\/pages\/423\/revisions\/543"}],"up":[{"embeddable":true,"href":"https:\/\/zgradimo.si\/wp\/index.php?rest_route=\/wp\/v2\/pages\/262"}],"wp:attachment":[{"href":"https:\/\/zgradimo.si\/wp\/index.php?rest_route=%2Fwp%2Fv2%2Fmedia&parent=423"}],"curies":[{"name":"wp","href":"https:\/\/api.w.org\/{rel}","templated":true}]}}