{"id":497,"date":"2017-09-17T10:39:21","date_gmt":"2017-09-17T08:39:21","guid":{"rendered":"http:\/\/zgradimo.si\/wp\/?page_id=497"},"modified":"2021-11-22T17:49:16","modified_gmt":"2021-11-22T16:49:16","slug":"497-2","status":"publish","type":"page","link":"https:\/\/zgradimo.si\/wp\/?page_id=497","title":{"rendered":"Priprava in izvedba prenove ali novogradnje"},"content":{"rendered":"<p>In\u017eenirske storitve obi\u010dajno vsebujejo ve\u010d spodaj na\u0161tetih sklopov in jih navedemo v dogovor ali pogodbo z naro\u010dnikom.<\/p>\n<h4><span id=\"PRIPRAVA_INVESTICIJE\">PRIPRAVA INVESTICIJE<\/span><\/h4>\n<h5><span id=\"1_Svetovanje_pri_pripravi_prenove_novogradnje\"><strong>1. Svetovanje pri pripravi prenove \/ novogradnje<\/strong><\/span><\/h5>\n<ul>\n<li>&nbsp;Svetovanje pri na\u010drtovanju prenove \/ svetovanje pri pripravi idejnih na\u010drtov,<\/li>\n<li>&nbsp;svetovanje pri pridobitvi upravnih dovoljenj (kadar so potrebna),<\/li>\n<li>&nbsp;sodelovanje s projektanti pri izdelavi na\u010drtov pri novogradnji.<\/li>\n<\/ul>\n<p><strong>2. Ocena stro\u0161kov prenove \/ novogradnje<\/strong><\/p>\n<ul>\n<li>&nbsp;Ogled objekta \/ pregled na\u010drtov in projektantskega popisa del pri novogradnji,<\/li>\n<li>&nbsp;izmere in izdelava preprostega na\u010drta za izra\u010dun koli\u010din,<\/li>\n<li>&nbsp;izdelava podrobnega seznam predvidenih del prenove,<\/li>\n<li>&nbsp;izdelava ocene stro\u0161kov prenove \/ ocena stro\u0161kov pri novogradnji, \u010de nimate projektantskega predra\u010duna.<\/li>\n<\/ul>\n<h5><span id=\"3_Izbor_izvajalcev_in_pogodbe_za_izvedbo_del\"><strong>3. Izbor izvajalcev in pogodbe za izvedbo del<\/strong><\/span><\/h5>\n<ul>\n<li>&nbsp;Priprava dokumentacije za zbiranje ponudb,<\/li>\n<li>&nbsp;pridobivanje in pregled ponudb,&nbsp;<\/li>\n<li>&nbsp;priprava ali uskladitev pogodb za izvedbo del.<\/li>\n<\/ul>\n<h4><span id=\"IZVEDBA_INVESTICIJE\">IZVEDBA INVESTICIJE<\/span><\/h4>\n<h5><span id=\"4_Koordinacija_del\"><strong>4. Koordinacija del<\/strong><\/span><\/h5>\n<ul>\n<li>&nbsp;\u010casovno usklajevanje posameznih izvajalcev,<\/li>\n<li>&nbsp;dogovarjanje o morebitnih spremembah in dodatnih delih,<\/li>\n<li>&nbsp;spremljanje poteka del,<\/li>\n<li>&nbsp;preverjanje skladnosti del z na\u010drti in tehni\u010dno dokumentacijo,<\/li>\n<li>&nbsp;kontrola skladnosti poteka del s terminskim na\u010drtom<\/li>\n<li>&nbsp;nadzor kakovosti izvedenih del,<\/li>\n<li>&nbsp;opozarjanje na morebitne pomanjkljivosti v izvedbi in pregledi po popravilu napak.<\/li>\n<\/ul>\n<h5><span id=\"5_Kontrola_obracunov_v_casu_izvajanja_del\"><strong>5. Kontrola obra\u010dunov v \u010dasu izvajanja del<\/strong><\/span><\/h5>\n<p style=\"padding-left: 30px;\">\u010ce dela trajajo dlje \u010dasa in je pred zaklju\u010dkom del potrebno vmesno obra\u010dunavanje in pla\u010dilo del.<\/p>\n<h4><span id=\"ZAKLJUCEK_INVESTICIJE\">ZAKLJU\u010cEK INVESTICIJE<\/span><\/h4>\n<h5><span id=\"6_Pregled_po_koncanih_delih_in_kontrola_koncnega_obracuna_izvedenih_del\"><strong>6. Pregled po kon\u010danih delih in kontrola kon\u010dnega obra\u010duna izvedenih del<\/strong><\/span><\/h5>\n<ul>\n<li>&nbsp;Pregled celovitosti in kakovosti izvedenih del z izvajalcem,<\/li>\n<li>&nbsp;zapisnik z navedbo morebitnih ugotovljenih o\u010ditnih napak in rokom popravila,<\/li>\n<li>&nbsp;kontrola skladnosti obra\u010duna z dejansko izvedenimi deli.<\/li>\n<\/ul>\n<h5><span id=\"7_Primopredaja_del\"><strong>7. Primopredaja del<\/strong><\/span><\/h5>\n<ul>\n<li>&nbsp;Kontrola odprave ugotovljenih o\u010ditnih napak,<\/li>\n<li>&nbsp;zapisnik o primopredaji,<\/li>\n<li>&nbsp;potrditev obra\u010duna, ki je podlaga za izdajo ra\u010duna naro\u010dniku.<\/li>\n<\/ul>\n","protected":false},"excerpt":{"rendered":"<p>In\u017eenirske storitve obi\u010dajno vsebujejo ve\u010d spodaj na\u0161tetih sklopov in jih navedemo v dogovor ali pogodbo z naro\u010dnikom. PRIPRAVA INVESTICIJE 1. Svetovanje pri pripravi prenove \/ novogradnje &nbsp;Svetovanje pri na\u010drtovanju prenove \/ svetovanje pri pripravi idejnih na\u010drtov, &nbsp;svetovanje pri pridobitvi upravnih dovoljenj (kadar so potrebna), &nbsp;sodelovanje s projektanti pri izdelavi na\u010drtov pri novogradnji. 2. Ocena stro\u0161kov\u2026 <span class=\"read-more\"><a href=\"https:\/\/zgradimo.si\/wp\/?page_id=497\">Read More &raquo;<\/a><\/span><\/p>\n","protected":false},"author":1,"featured_media":0,"parent":262,"menu_order":0,"comment_status":"closed","ping_status":"closed","template":"","meta":{"ngg_post_thumbnail":0},"_links":{"self":[{"href":"https:\/\/zgradimo.si\/wp\/index.php?rest_route=\/wp\/v2\/pages\/497"}],"collection":[{"href":"https:\/\/zgradimo.si\/wp\/index.php?rest_route=\/wp\/v2\/pages"}],"about":[{"href":"https:\/\/zgradimo.si\/wp\/index.php?rest_route=\/wp\/v2\/types\/page"}],"author":[{"embeddable":true,"href":"https:\/\/zgradimo.si\/wp\/index.php?rest_route=\/wp\/v2\/users\/1"}],"replies":[{"embeddable":true,"href":"https:\/\/zgradimo.si\/wp\/index.php?rest_route=%2Fwp%2Fv2%2Fcomments&post=497"}],"version-history":[{"count":5,"href":"https:\/\/zgradimo.si\/wp\/index.php?rest_route=\/wp\/v2\/pages\/497\/revisions"}],"predecessor-version":[{"id":578,"href":"https:\/\/zgradimo.si\/wp\/index.php?rest_route=\/wp\/v2\/pages\/497\/revisions\/578"}],"up":[{"embeddable":true,"href":"https:\/\/zgradimo.si\/wp\/index.php?rest_route=\/wp\/v2\/pages\/262"}],"wp:attachment":[{"href":"https:\/\/zgradimo.si\/wp\/index.php?rest_route=%2Fwp%2Fv2%2Fmedia&parent=497"}],"curies":[{"name":"wp","href":"https:\/\/api.w.org\/{rel}","templated":true}]}}