{"id":506,"date":"2017-09-17T10:58:16","date_gmt":"2017-09-17T08:58:16","guid":{"rendered":"http:\/\/zgradimo.si\/wp\/?page_id=506"},"modified":"2021-11-22T18:13:35","modified_gmt":"2021-11-22T17:13:35","slug":"izobrazevalne-dejavnosti","status":"publish","type":"page","link":"https:\/\/zgradimo.si\/wp\/?page_id=506","title":{"rendered":"Izobra\u017eevalne dejavnosti"},"content":{"rendered":"<p>Otroke in odrasle seznanimo s \u010dudovitim svetom klekljane \u010dipke, pribli\u017eamo vam vsebine iz naravoslovja ali pa vas med ogledi geolo\u0161kih znamenitosti popeljemo v zemeljsko zgodovino. Za dogovorjene vsebine pripravimo in izvedemo <em>delavnice<\/em>, <em>te\u010daje<\/em> ali druge aktivnosti.<\/p>\n<h3><span id=\"Klekljana_cipka\">Klekljana \u010dipka<\/span><\/h3>\n<p>Klekljana \u010dipka ima v Sloveniji bogato zgodovino. To \u010dudovito ro\u010dno spretnost, ki je lahko prava umetnost, danes ohranjajo \u0161tevilna dru\u0161tva. \u010ce se \u017eelite nau\u010diti klekljanja ali pa dopolniti svoje znanje, lahko za vas pripravimo delavnice in te\u010daje &#8211; za otroke in odrasle:<\/p>\n<ul>\n<li>U\u010denje osnov klekljanja,<\/li>\n<li>klekljanje \u010dipk po tradicionalnih slovenskih vzorcih in izvirnih novih vzorcih,<\/li>\n<li>vsebine po dogovoru z udele\u017eenci delavnice ali te\u010daja, na primer: zahtevnej\u0161e tehnike klekljanja, ogled \u010dipkarskih razstav&#8230;<\/li>\n<\/ul>\n<p>Delavnice in te\u010daje vodi projektna sodelavka <a href=\"mailto: simona.strgulc@gmail.com\">Simona Strgulc Kraj\u0161ek<\/a>, s poklicno kvalifikacijo klekljarice ter bogatimi izku\u0161njami pri&nbsp; izdelovanju \u010dipk, risanju vzorcev za \u010dipke, pripravi doma\u010dih in mendnarodnih \u010dipkarskih razstav.<\/p>\n<h3><span id=\"Naravoslovje\">Naravoslovje<\/span><\/h3>\n<p>Naravoslovne delavnice so namenjene otrokom v starosti 7 do 11 let, priredimo pa jih lahko tudi odraslim. Vsebine so raznolike, odvisne tudi od mesta dogajanja in letnega \u010dasa:<\/p>\n<ul>\n<li>spoznavanje narave: drevesa, znanilci pomladi, dvo\u017eivke, kamnine in minerali,<\/li>\n<li>spoznavanje z naravnimi zakoni s pomo\u010djo preprostih poizkusov,<\/li>\n<li>pripomo\u010dki za opazovanje: uporaba mikroskopa, uporaba daljnogleda in teleskopa.<\/li>\n<\/ul>\n<h3><span id=\"Geoloski_izleti\">Geolo\u0161ki izleti<\/span><\/h3>\n<p>Ogledi &#8220;geolo\u0161kih zakladov&#8221; Slovenije, z razlago o na\u010dinu njihovega nastanka. Lahko v kombinaciji z geolovom ali iskanjem zanimivih to\u010dk s pomo\u010djo GPS naprav. Nekaj predlaganih izletov:<\/p>\n<ul>\n<li>Ljubljanica, reka sedmih imen: ogledi od Lo\u0161kega polja in Piv\u0161kih jezer do Ljubljane: kra\u0161ka polja, presihajo\u010da jezera, po\u017eiralniki in ponori, jame, kra\u0161ki izviri,<\/li>\n<li>\u010dudoviti Peri\u010dnik &#8211; za marsikoga na\u0161 najlep\u0161i slap: ogled dvostopenjskega slapu previsnih sten in okolice,<\/li>\n<li>Bohinjski ledenik: jezera, balvani, ledeni\u0161ke groblje (morene), Poklju\u0161ka soteska, Blejski Vintgar,<\/li>\n<li>mala presene\u010denja: Toma\u017eeva miza, okamnele stopinje, kamnolom mlinskih kamnov,<\/li>\n<li>sprehod v okolico: na \u0160marnogorsko Grmado, nad Ljubljansko barje,<\/li>\n<li>muzejske skrivnosti (primerno za dru\u017eine): detektivska zgodba ali kaj nam lahko razkrije \u010drna tabla.<\/li>\n<\/ul>\n","protected":false},"excerpt":{"rendered":"<p>Otroke in odrasle seznanimo s \u010dudovitim svetom klekljane \u010dipke, pribli\u017eamo vam vsebine iz naravoslovja ali pa vas med ogledi geolo\u0161kih znamenitosti popeljemo v zemeljsko zgodovino. Za dogovorjene vsebine pripravimo in izvedemo delavnice, te\u010daje ali druge aktivnosti. Klekljana \u010dipka Klekljana \u010dipka ima v Sloveniji bogato zgodovino. To \u010dudovito ro\u010dno spretnost, ki je lahko prava umetnost, danes\u2026 <span class=\"read-more\"><a href=\"https:\/\/zgradimo.si\/wp\/?page_id=506\">Read More &raquo;<\/a><\/span><\/p>\n","protected":false},"author":1,"featured_media":0,"parent":262,"menu_order":0,"comment_status":"closed","ping_status":"closed","template":"","meta":{"ngg_post_thumbnail":0},"_links":{"self":[{"href":"https:\/\/zgradimo.si\/wp\/index.php?rest_route=\/wp\/v2\/pages\/506"}],"collection":[{"href":"https:\/\/zgradimo.si\/wp\/index.php?rest_route=\/wp\/v2\/pages"}],"about":[{"href":"https:\/\/zgradimo.si\/wp\/index.php?rest_route=\/wp\/v2\/types\/page"}],"author":[{"embeddable":true,"href":"https:\/\/zgradimo.si\/wp\/index.php?rest_route=\/wp\/v2\/users\/1"}],"replies":[{"embeddable":true,"href":"https:\/\/zgradimo.si\/wp\/index.php?rest_route=%2Fwp%2Fv2%2Fcomments&post=506"}],"version-history":[{"count":11,"href":"https:\/\/zgradimo.si\/wp\/index.php?rest_route=\/wp\/v2\/pages\/506\/revisions"}],"predecessor-version":[{"id":583,"href":"https:\/\/zgradimo.si\/wp\/index.php?rest_route=\/wp\/v2\/pages\/506\/revisions\/583"}],"up":[{"embeddable":true,"href":"https:\/\/zgradimo.si\/wp\/index.php?rest_route=\/wp\/v2\/pages\/262"}],"wp:attachment":[{"href":"https:\/\/zgradimo.si\/wp\/index.php?rest_route=%2Fwp%2Fv2%2Fmedia&parent=506"}],"curies":[{"name":"wp","href":"https:\/\/api.w.org\/{rel}","templated":true}]}}